{"id":501297,"date":"2023-06-06T16:44:49","date_gmt":"2023-06-06T20:44:49","guid":{"rendered":"https:\/\/staging.cladiator.com\/produits\/"},"modified":"2024-12-27T13:38:08","modified_gmt":"2024-12-27T18:38:08","slug":"produits","status":"publish","type":"page","link":"https:\/\/staging.cladiator.com\/fr\/produits\/","title":{"rendered":"Produits"},"content":{"rendered":"\t\t<div data-elementor-type=\"wp-page\" data-elementor-id=\"501297\" class=\"elementor elementor-501297 elementor-4289\" data-elementor-post-type=\"page\">\n\t\t\t\t<div class=\"elementor-element elementor-element-f09e3e5 e-flex e-con-boxed e-con e-parent\" data-id=\"f09e3e5\" data-element_type=\"container\" data-settings=\"{&quot;background_background&quot;:&quot;classic&quot;}\">\n\t\t\t\t\t<div class=\"e-con-inner\">\n\t\t\t\t<div class=\"elementor-element elementor-element-2dfb89a elementor-widget elementor-widget-heading\" data-id=\"2dfb89a\" data-element_type=\"widget\" data-widget_type=\"heading.default\">\n\t\t\t\t<div class=\"elementor-widget-container\">\n\t\t\t\t\t<h1 class=\"elementor-heading-title elementor-size-default\">Nos produits<\/h1>\t\t\t\t<\/div>\n\t\t\t\t<\/div>\n\t\t\t\t\t<\/div>\n\t\t\t\t<\/div>\n\t\t<div class=\"elementor-element elementor-element-ab5facc e-flex e-con-boxed e-con e-parent\" data-id=\"ab5facc\" data-element_type=\"container\">\n\t\t\t\t\t<div class=\"e-con-inner\">\n\t\t<div class=\"elementor-element elementor-element-965f077 e-flex e-con-boxed e-con e-child\" data-id=\"965f077\" data-element_type=\"container\">\n\t\t\t\t\t<div class=\"e-con-inner\">\n\t\t<div class=\"elementor-element elementor-element-052534d e-con-full e-flex e-con e-child\" data-id=\"052534d\" data-element_type=\"container\">\n\t\t\t\t<div class=\"elementor-element elementor-element-c8c46ab elementor-widget elementor-widget-image\" data-id=\"c8c46ab\" data-element_type=\"widget\" data-widget_type=\"image.default\">\n\t\t\t\t<div class=\"elementor-widget-container\">\n\t\t\t\t\t\t\t\t\t\t\t\t\t\t\t<img fetchpriority=\"high\" decoding=\"async\" width=\"800\" height=\"811\" src=\"https:\/\/staging.cladiator.com\/wp-content\/uploads\/2023\/06\/System_300_with_new_clip_and_corner.jpg\" class=\"attachment-large size-large wp-image-501197\" alt=\"CL-300 clip and rail system\" srcset=\"https:\/\/staging.cladiator.com\/wp-content\/uploads\/2023\/06\/System_300_with_new_clip_and_corner.jpg 800w, https:\/\/staging.cladiator.com\/wp-content\/uploads\/2023\/06\/System_300_with_new_clip_and_corner-296x300.jpg 296w, https:\/\/staging.cladiator.com\/wp-content\/uploads\/2023\/06\/System_300_with_new_clip_and_corner-768x779.jpg 768w\" sizes=\"(max-width: 800px) 100vw, 800px\" \/>\t\t\t\t\t\t\t\t\t\t\t\t\t\t\t<\/div>\n\t\t\t\t<\/div>\n\t\t<div class=\"elementor-element elementor-element-d39ca83 e-flex e-con-boxed e-con e-child\" data-id=\"d39ca83\" data-element_type=\"container\" data-settings=\"{&quot;background_background&quot;:&quot;classic&quot;}\">\n\t\t\t\t\t<div class=\"e-con-inner\">\n\t\t\t\t<div class=\"elementor-element elementor-element-699c1ee elementor-widget elementor-widget-heading\" data-id=\"699c1ee\" data-element_type=\"widget\" data-widget_type=\"heading.default\">\n\t\t\t\t<div class=\"elementor-widget-container\">\n\t\t\t\t\t<h2 class=\"elementor-heading-title elementor-size-default\">CL-300<span style=\"color:#afd237\">.<\/span><\/h2>\t\t\t\t<\/div>\n\t\t\t\t<\/div>\n\t\t\t\t<div class=\"elementor-element elementor-element-699659a elementor-widget__width-inherit elementor-widget elementor-widget-heading\" data-id=\"699659a\" data-element_type=\"widget\" data-widget_type=\"heading.default\">\n\t\t\t\t<div class=\"elementor-widget-container\">\n\t\t\t\t\t<h4 class=\"elementor-heading-title elementor-size-default\">Ajustable. Ing\u00e9nierie. Efficacit\u00e9 thermique.<\/h4>\t\t\t\t<\/div>\n\t\t\t\t<\/div>\n\t\t\t\t<div class=\"elementor-element elementor-element-41b7b88 elementor-widget elementor-widget-text-editor\" data-id=\"41b7b88\" data-element_type=\"widget\" data-widget_type=\"text-editor.default\">\n\t\t\t\t<div class=\"elementor-widget-container\">\n\t\t\t\t\t\t\t\t\t<p>Le CL-300 supporte diff\u00e9rents mat\u00e9riaux de rev\u00eatement, int\u00e8gre des ruptures thermiques et rationalise l&rsquo;installation gr\u00e2ce \u00e0 des rails horizontaux et verticaux coplanaires afin de minimiser les ponts thermiques, am\u00e9liorant ainsi la durabilit\u00e9 et l&rsquo;efficacit\u00e9 \u00e9nerg\u00e9tique.<\/p>\n\t\t\t\t\t\t\t\t<\/div>\n\t\t\t\t<\/div>\n\t\t\t\t<div class=\"elementor-element elementor-element-772046b elementor-widget elementor-widget-button\" data-id=\"772046b\" data-element_type=\"widget\" data-widget_type=\"button.default\">\n\t\t\t\t<div class=\"elementor-widget-container\">\n\t\t\t\t\t\t\t\t\t<div class=\"elementor-button-wrapper\">\n\t\t\t\t\t<a class=\"elementor-button elementor-button-link elementor-size-sm\" href=\"https:\/\/staging.cladiator.com\/fr\/cl-300\/\">\n\t\t\t\t\t\t<span class=\"elementor-button-content-wrapper\">\n\t\t\t\t\t\t\t\t\t<span class=\"elementor-button-text\">EN SAVOIR PLUS<\/span>\n\t\t\t\t\t<\/span>\n\t\t\t\t\t<\/a>\n\t\t\t\t<\/div>\n\t\t\t\t\t\t\t\t<\/div>\n\t\t\t\t<\/div>\n\t\t\t\t\t<\/div>\n\t\t\t\t<\/div>\n\t\t\t\t<\/div>\n\t\t<div class=\"elementor-element elementor-element-a2bcbb2 e-con-full e-flex e-con e-child\" data-id=\"a2bcbb2\" data-element_type=\"container\">\n\t\t\t\t<div class=\"elementor-element elementor-element-2583f1e elementor-widget elementor-widget-image\" data-id=\"2583f1e\" data-element_type=\"widget\" data-widget_type=\"image.default\">\n\t\t\t\t<div class=\"elementor-widget-container\">\n\t\t\t\t\t\t\t\t\t\t\t\t\t\t\t<img decoding=\"async\" width=\"800\" height=\"800\" src=\"https:\/\/staging.cladiator.com\/wp-content\/uploads\/2023\/06\/Slotted-Z_horizontal-1.jpg\" class=\"attachment-large size-large wp-image-501198\" alt=\"Slotted-Z, z-girt, thermally isolated cladding support system\" srcset=\"https:\/\/staging.cladiator.com\/wp-content\/uploads\/2023\/06\/Slotted-Z_horizontal-1.jpg 800w, https:\/\/staging.cladiator.com\/wp-content\/uploads\/2023\/06\/Slotted-Z_horizontal-1-300x300.jpg 300w, https:\/\/staging.cladiator.com\/wp-content\/uploads\/2023\/06\/Slotted-Z_horizontal-1-150x150.jpg 150w, https:\/\/staging.cladiator.com\/wp-content\/uploads\/2023\/06\/Slotted-Z_horizontal-1-768x768.jpg 768w\" sizes=\"(max-width: 800px) 100vw, 800px\" \/>\t\t\t\t\t\t\t\t\t\t\t\t\t\t\t<\/div>\n\t\t\t\t<\/div>\n\t\t<div class=\"elementor-element elementor-element-8e33181 e-flex e-con-boxed e-con e-child\" data-id=\"8e33181\" data-element_type=\"container\" data-settings=\"{&quot;background_background&quot;:&quot;classic&quot;}\">\n\t\t\t\t\t<div class=\"e-con-inner\">\n\t\t\t\t<div class=\"elementor-element elementor-element-fee36aa elementor-widget elementor-widget-heading\" data-id=\"fee36aa\" data-element_type=\"widget\" data-widget_type=\"heading.default\">\n\t\t\t\t<div class=\"elementor-widget-container\">\n\t\t\t\t\t<h2 class=\"elementor-heading-title elementor-size-default\">Fente-Z<span style=\"color:#afd237\">.<\/span><\/h2>\t\t\t\t<\/div>\n\t\t\t\t<\/div>\n\t\t\t\t<div class=\"elementor-element elementor-element-be4c9b9 elementor-widget elementor-widget-heading\" data-id=\"be4c9b9\" data-element_type=\"widget\" data-widget_type=\"heading.default\">\n\t\t\t\t<div class=\"elementor-widget-container\">\n\t\t\t\t\t<h4 class=\"elementor-heading-title elementor-size-default\">Simple. S\u00e9curis\u00e9. Fente.<\/h4>\t\t\t\t<\/div>\n\t\t\t\t<\/div>\n\t\t\t\t<div class=\"elementor-element elementor-element-4a9b561 elementor-widget elementor-widget-text-editor\" data-id=\"4a9b561\" data-element_type=\"widget\" data-widget_type=\"text-editor.default\">\n\t\t\t\t<div class=\"elementor-widget-container\">\n\t\t\t\t\t\t\t\t\t<p>Le Slotted-Z est une jupe en Z en fibre de verre qui permet de r\u00e9aliser des applications d&rsquo;isolation continue tout en respectant les principes d&rsquo;un v\u00e9ritable \u00e9cran pluvial. Notre ROCKETStick\u00ae permet de fixer tous les types d&rsquo;isolants.<\/p>\n\t\t\t\t\t\t\t\t<\/div>\n\t\t\t\t<\/div>\n\t\t\t\t<div class=\"elementor-element elementor-element-7cfc771 elementor-widget elementor-widget-button\" data-id=\"7cfc771\" data-element_type=\"widget\" data-widget_type=\"button.default\">\n\t\t\t\t<div class=\"elementor-widget-container\">\n\t\t\t\t\t\t\t\t\t<div class=\"elementor-button-wrapper\">\n\t\t\t\t\t<a class=\"elementor-button elementor-button-link elementor-size-sm\" href=\"https:\/\/staging.cladiator.com\/fr\/slotted-z\/\">\n\t\t\t\t\t\t<span class=\"elementor-button-content-wrapper\">\n\t\t\t\t\t\t\t\t\t<span class=\"elementor-button-text\">EN SAVOIR PLUS<\/span>\n\t\t\t\t\t<\/span>\n\t\t\t\t\t<\/a>\n\t\t\t\t<\/div>\n\t\t\t\t\t\t\t\t<\/div>\n\t\t\t\t<\/div>\n\t\t\t\t\t<\/div>\n\t\t\t\t<\/div>\n\t\t\t\t<\/div>\n\t\t<div class=\"elementor-element elementor-element-7f0a1c5 e-con-full e-flex e-con e-child\" data-id=\"7f0a1c5\" data-element_type=\"container\">\n\t\t\t\t<div class=\"elementor-element elementor-element-0d848e8 elementor-widget elementor-widget-image\" data-id=\"0d848e8\" data-element_type=\"widget\" data-widget_type=\"image.default\">\n\t\t\t\t<div class=\"elementor-widget-container\">\n\t\t\t\t\t\t\t\t\t\t\t\t\t\t\t<img decoding=\"async\" width=\"800\" height=\"600\" src=\"https:\/\/staging.cladiator.com\/wp-content\/uploads\/2024\/06\/Eco_Sill_window_only_no_logo-min.jpg\" class=\"attachment-large size-large wp-image-1509546\" alt=\"\" srcset=\"https:\/\/staging.cladiator.com\/wp-content\/uploads\/2024\/06\/Eco_Sill_window_only_no_logo-min.jpg 1000w, https:\/\/staging.cladiator.com\/wp-content\/uploads\/2024\/06\/Eco_Sill_window_only_no_logo-min-300x225.jpg 300w, https:\/\/staging.cladiator.com\/wp-content\/uploads\/2024\/06\/Eco_Sill_window_only_no_logo-min-768x576.jpg 768w\" sizes=\"(max-width: 800px) 100vw, 800px\" \/>\t\t\t\t\t\t\t\t\t\t\t\t\t\t\t<\/div>\n\t\t\t\t<\/div>\n\t\t<div class=\"elementor-element elementor-element-8e417df e-flex e-con-boxed e-con e-child\" data-id=\"8e417df\" data-element_type=\"container\" data-settings=\"{&quot;background_background&quot;:&quot;classic&quot;}\">\n\t\t\t\t\t<div class=\"e-con-inner\">\n\t\t\t\t<div class=\"elementor-element elementor-element-c102e68 elementor-widget elementor-widget-heading\" data-id=\"c102e68\" data-element_type=\"widget\" data-widget_type=\"heading.default\">\n\t\t\t\t<div class=\"elementor-widget-container\">\n\t\t\t\t\t<h2 class=\"elementor-heading-title elementor-size-default\">ECO-SILL<span style=\"color:#afd237\">.<\/span><\/h2>\t\t\t\t<\/div>\n\t\t\t\t<\/div>\n\t\t\t\t<div class=\"elementor-element elementor-element-cb3a590 elementor-widget elementor-widget-heading\" data-id=\"cb3a590\" data-element_type=\"widget\" data-widget_type=\"heading.default\">\n\t\t\t\t<div class=\"elementor-widget-container\">\n\t\t\t\t\t<h4 class=\"elementor-heading-title elementor-size-default\">Posez des appuis de fen\u00eatre thermiquement efficaces en toute transparence<\/h4>\t\t\t\t<\/div>\n\t\t\t\t<\/div>\n\t\t\t\t<div class=\"elementor-element elementor-element-5d2128a elementor-widget elementor-widget-text-editor\" data-id=\"5d2128a\" data-element_type=\"widget\" data-widget_type=\"text-editor.default\">\n\t\t\t\t<div class=\"elementor-widget-container\">\n\t\t\t\t\t\t\t\t\t<p>Eco-Sill est une garniture de fen\u00eatre r\u00e9volutionnaire en polym\u00e8re renforc\u00e9 de fibres \u00e0 rupture thermique qui permet l&rsquo;int\u00e9gration de l&rsquo;isolation ext\u00e9rieure, favorise la ventilation naturelle, adh\u00e8re aux principes du pare-pluie et rationalise le processus d&rsquo;installation de la fen\u00eatre en utilisant les cadres int\u00e9rieurs et ext\u00e9rieurs, minimisant ainsi le calfeutrage.  <\/p>\n\t\t\t\t\t\t\t\t<\/div>\n\t\t\t\t<\/div>\n\t\t\t\t<div class=\"elementor-element elementor-element-341d474 elementor-widget elementor-widget-button\" data-id=\"341d474\" data-element_type=\"widget\" data-widget_type=\"button.default\">\n\t\t\t\t<div class=\"elementor-widget-container\">\n\t\t\t\t\t\t\t\t\t<div class=\"elementor-button-wrapper\">\n\t\t\t\t\t<a class=\"elementor-button elementor-button-link elementor-size-sm\" href=\"https:\/\/staging.cladiator.com\/fr\/eco-sill\/\">\n\t\t\t\t\t\t<span class=\"elementor-button-content-wrapper\">\n\t\t\t\t\t\t\t\t\t<span class=\"elementor-button-text\">EN SAVOIR PLUS<\/span>\n\t\t\t\t\t<\/span>\n\t\t\t\t\t<\/a>\n\t\t\t\t<\/div>\n\t\t\t\t\t\t\t\t<\/div>\n\t\t\t\t<\/div>\n\t\t\t\t\t<\/div>\n\t\t\t\t<\/div>\n\t\t\t\t<\/div>\n\t\t\t\t\t<\/div>\n\t\t\t\t<\/div>\n\t\t\t\t\t<\/div>\n\t\t\t\t<\/div>\n\t\t\t\t<\/div>\n\t\t","protected":false},"excerpt":{"rendered":"<p>Nos produits CL-300. Ajustable. Ing\u00e9nierie. Efficacit\u00e9 thermique. Le CL-300 supporte diff\u00e9rents mat\u00e9riaux de rev\u00eatement, int\u00e8gre des ruptures thermiques et rationalise l&rsquo;installation gr\u00e2ce \u00e0 des rails horizontaux et verticaux coplanaires afin de minimiser les ponts thermiques, am\u00e9liorant ainsi la durabilit\u00e9 et l&rsquo;efficacit\u00e9 \u00e9nerg\u00e9tique. EN SAVOIR PLUS Fente-Z. Simple. S\u00e9curis\u00e9. Fente. Le Slotted-Z est une jupe en [&hellip;]<\/p>\n","protected":false},"author":2,"featured_media":0,"parent":0,"menu_order":0,"comment_status":"closed","ping_status":"closed","template":"","meta":{"footnotes":""},"class_list":["post-501297","page","type-page","status-publish","hentry"],"yoast_head":"<!-- This site is optimized with the Yoast SEO plugin v25.1 - https:\/\/yoast.com\/wordpress\/plugins\/seo\/ -->\n<title>Cladiator - Produits - Syst\u00e8me de bardage isolant<\/title>\n<meta name=\"description\" content=\"Nos syst\u00e8mes de bardage isol\u00e9s sont fabriqu\u00e9s de mani\u00e8re \u00e0 int\u00e9grer une coupure thermique et les principes de l&#039;\u00e9cran de pluie pour une meilleure efficacit\u00e9 \u00e9nerg\u00e9tique.\" \/>\n<meta name=\"robots\" content=\"noindex, follow, max-snippet:-1, max-image-preview:large, max-video-preview:-1\" \/>\n<meta property=\"og:locale\" content=\"fr_FR\" \/>\n<meta property=\"og:type\" content=\"article\" \/>\n<meta property=\"og:title\" content=\"Cladiator - Produits - Syst\u00e8me de bardage isolant\" \/>\n<meta property=\"og:description\" content=\"Nos syst\u00e8mes de bardage isol\u00e9s sont fabriqu\u00e9s de mani\u00e8re \u00e0 int\u00e9grer une coupure thermique et les principes de l&#039;\u00e9cran de pluie pour une meilleure efficacit\u00e9 \u00e9nerg\u00e9tique.\" \/>\n<meta property=\"og:url\" content=\"https:\/\/cladiator.com\/fr\/produits\/\" \/>\n<meta property=\"og:site_name\" content=\"Cladiator\" \/>\n<meta property=\"article:publisher\" content=\"https:\/\/www.facebook.com\/people\/Cladiator\/100049662201765\/\" \/>\n<meta property=\"article:modified_time\" content=\"2024-12-27T18:38:08+00:00\" \/>\n<meta property=\"og:image\" content=\"https:\/\/staging.cladiator.com\/wp-content\/uploads\/2023\/06\/System_300_with_new_clip_and_corner.jpg\" \/>\n\t<meta property=\"og:image:width\" content=\"800\" \/>\n\t<meta property=\"og:image:height\" content=\"811\" \/>\n\t<meta property=\"og:image:type\" content=\"image\/jpeg\" \/>\n<meta name=\"twitter:card\" content=\"summary_large_image\" \/>\n<meta name=\"twitter:label1\" content=\"Dur\u00e9e de lecture estim\u00e9e\" \/>\n\t<meta name=\"twitter:data1\" content=\"2 minutes\" \/>\n<script type=\"application\/ld+json\" class=\"yoast-schema-graph\">{\"@context\":\"https:\/\/schema.org\",\"@graph\":[{\"@type\":\"WebPage\",\"@id\":\"https:\/\/cladiator.com\/fr\/produits\/\",\"url\":\"https:\/\/cladiator.com\/fr\/produits\/\",\"name\":\"Cladiator - Produits - Syst\u00e8me de bardage isolant\",\"isPartOf\":{\"@id\":\"https:\/\/cladiator.com\/#website\"},\"primaryImageOfPage\":{\"@id\":\"https:\/\/cladiator.com\/fr\/produits\/#primaryimage\"},\"image\":{\"@id\":\"https:\/\/cladiator.com\/fr\/produits\/#primaryimage\"},\"thumbnailUrl\":\"https:\/\/staging.cladiator.com\/wp-content\/uploads\/2023\/06\/System_300_with_new_clip_and_corner.jpg\",\"datePublished\":\"2023-06-06T20:44:49+00:00\",\"dateModified\":\"2024-12-27T18:38:08+00:00\",\"description\":\"Nos syst\u00e8mes de bardage isol\u00e9s sont fabriqu\u00e9s de mani\u00e8re \u00e0 int\u00e9grer une coupure thermique et les principes de l'\u00e9cran de pluie pour une meilleure efficacit\u00e9 \u00e9nerg\u00e9tique.\",\"breadcrumb\":{\"@id\":\"https:\/\/cladiator.com\/fr\/produits\/#breadcrumb\"},\"inLanguage\":\"fr-FR\",\"potentialAction\":[{\"@type\":\"ReadAction\",\"target\":[\"https:\/\/cladiator.com\/fr\/produits\/\"]}]},{\"@type\":\"ImageObject\",\"inLanguage\":\"fr-FR\",\"@id\":\"https:\/\/cladiator.com\/fr\/produits\/#primaryimage\",\"url\":\"https:\/\/staging.cladiator.com\/wp-content\/uploads\/2023\/06\/System_300_with_new_clip_and_corner.jpg\",\"contentUrl\":\"https:\/\/staging.cladiator.com\/wp-content\/uploads\/2023\/06\/System_300_with_new_clip_and_corner.jpg\"},{\"@type\":\"BreadcrumbList\",\"@id\":\"https:\/\/cladiator.com\/fr\/produits\/#breadcrumb\",\"itemListElement\":[{\"@type\":\"ListItem\",\"position\":1,\"name\":\"Home\",\"item\":\"https:\/\/cladiator.com\/\"},{\"@type\":\"ListItem\",\"position\":2,\"name\":\"Produits\"}]},{\"@type\":\"WebSite\",\"@id\":\"https:\/\/cladiator.com\/#website\",\"url\":\"https:\/\/cladiator.com\/\",\"name\":\"Cladiator\",\"description\":\"\",\"publisher\":{\"@id\":\"https:\/\/cladiator.com\/#organization\"},\"potentialAction\":[{\"@type\":\"SearchAction\",\"target\":{\"@type\":\"EntryPoint\",\"urlTemplate\":\"https:\/\/cladiator.com\/?s={search_term_string}\"},\"query-input\":{\"@type\":\"PropertyValueSpecification\",\"valueRequired\":true,\"valueName\":\"search_term_string\"}}],\"inLanguage\":\"fr-FR\"},{\"@type\":\"Organization\",\"@id\":\"https:\/\/cladiator.com\/#organization\",\"name\":\"Cladiator\",\"url\":\"https:\/\/cladiator.com\/\",\"logo\":{\"@type\":\"ImageObject\",\"inLanguage\":\"fr-FR\",\"@id\":\"https:\/\/cladiator.com\/#\/schema\/logo\/image\/\",\"url\":\"https:\/\/staging.cladiator.com\/wp-content\/uploads\/2023\/03\/logo.svg\",\"contentUrl\":\"https:\/\/staging.cladiator.com\/wp-content\/uploads\/2023\/03\/logo.svg\",\"width\":123,\"height\":22,\"caption\":\"Cladiator\"},\"image\":{\"@id\":\"https:\/\/cladiator.com\/#\/schema\/logo\/image\/\"},\"sameAs\":[\"https:\/\/www.facebook.com\/people\/Cladiator\/100049662201765\/\",\"https:\/\/www.linkedin.com\/company\/cladiator\/\",\"https:\/\/www.youtube.com\/@cladiator2928\/featured\"]}]}<\/script>\n<!-- \/ Yoast SEO plugin. -->","yoast_head_json":{"title":"Cladiator - Produits - Syst\u00e8me de bardage isolant","description":"Nos syst\u00e8mes de bardage isol\u00e9s sont fabriqu\u00e9s de mani\u00e8re \u00e0 int\u00e9grer une coupure thermique et les principes de l'\u00e9cran de pluie pour une meilleure efficacit\u00e9 \u00e9nerg\u00e9tique.","robots":{"index":"noindex","follow":"follow","max-snippet":"max-snippet:-1","max-image-preview":"max-image-preview:large","max-video-preview":"max-video-preview:-1"},"og_locale":"fr_FR","og_type":"article","og_title":"Cladiator - Produits - Syst\u00e8me de bardage isolant","og_description":"Nos syst\u00e8mes de bardage isol\u00e9s sont fabriqu\u00e9s de mani\u00e8re \u00e0 int\u00e9grer une coupure thermique et les principes de l'\u00e9cran de pluie pour une meilleure efficacit\u00e9 \u00e9nerg\u00e9tique.","og_url":"https:\/\/cladiator.com\/fr\/produits\/","og_site_name":"Cladiator","article_publisher":"https:\/\/www.facebook.com\/people\/Cladiator\/100049662201765\/","article_modified_time":"2024-12-27T18:38:08+00:00","og_image":[{"width":800,"height":811,"url":"https:\/\/staging.cladiator.com\/wp-content\/uploads\/2023\/06\/System_300_with_new_clip_and_corner.jpg","type":"image\/jpeg"}],"twitter_card":"summary_large_image","twitter_misc":{"Dur\u00e9e de lecture estim\u00e9e":"2 minutes"},"schema":{"@context":"https:\/\/schema.org","@graph":[{"@type":"WebPage","@id":"https:\/\/cladiator.com\/fr\/produits\/","url":"https:\/\/cladiator.com\/fr\/produits\/","name":"Cladiator - Produits - Syst\u00e8me de bardage isolant","isPartOf":{"@id":"https:\/\/cladiator.com\/#website"},"primaryImageOfPage":{"@id":"https:\/\/cladiator.com\/fr\/produits\/#primaryimage"},"image":{"@id":"https:\/\/cladiator.com\/fr\/produits\/#primaryimage"},"thumbnailUrl":"https:\/\/staging.cladiator.com\/wp-content\/uploads\/2023\/06\/System_300_with_new_clip_and_corner.jpg","datePublished":"2023-06-06T20:44:49+00:00","dateModified":"2024-12-27T18:38:08+00:00","description":"Nos syst\u00e8mes de bardage isol\u00e9s sont fabriqu\u00e9s de mani\u00e8re \u00e0 int\u00e9grer une coupure thermique et les principes de l'\u00e9cran de pluie pour une meilleure efficacit\u00e9 \u00e9nerg\u00e9tique.","breadcrumb":{"@id":"https:\/\/cladiator.com\/fr\/produits\/#breadcrumb"},"inLanguage":"fr-FR","potentialAction":[{"@type":"ReadAction","target":["https:\/\/cladiator.com\/fr\/produits\/"]}]},{"@type":"ImageObject","inLanguage":"fr-FR","@id":"https:\/\/cladiator.com\/fr\/produits\/#primaryimage","url":"https:\/\/staging.cladiator.com\/wp-content\/uploads\/2023\/06\/System_300_with_new_clip_and_corner.jpg","contentUrl":"https:\/\/staging.cladiator.com\/wp-content\/uploads\/2023\/06\/System_300_with_new_clip_and_corner.jpg"},{"@type":"BreadcrumbList","@id":"https:\/\/cladiator.com\/fr\/produits\/#breadcrumb","itemListElement":[{"@type":"ListItem","position":1,"name":"Home","item":"https:\/\/cladiator.com\/"},{"@type":"ListItem","position":2,"name":"Produits"}]},{"@type":"WebSite","@id":"https:\/\/cladiator.com\/#website","url":"https:\/\/cladiator.com\/","name":"Cladiator","description":"","publisher":{"@id":"https:\/\/cladiator.com\/#organization"},"potentialAction":[{"@type":"SearchAction","target":{"@type":"EntryPoint","urlTemplate":"https:\/\/cladiator.com\/?s={search_term_string}"},"query-input":{"@type":"PropertyValueSpecification","valueRequired":true,"valueName":"search_term_string"}}],"inLanguage":"fr-FR"},{"@type":"Organization","@id":"https:\/\/cladiator.com\/#organization","name":"Cladiator","url":"https:\/\/cladiator.com\/","logo":{"@type":"ImageObject","inLanguage":"fr-FR","@id":"https:\/\/cladiator.com\/#\/schema\/logo\/image\/","url":"https:\/\/staging.cladiator.com\/wp-content\/uploads\/2023\/03\/logo.svg","contentUrl":"https:\/\/staging.cladiator.com\/wp-content\/uploads\/2023\/03\/logo.svg","width":123,"height":22,"caption":"Cladiator"},"image":{"@id":"https:\/\/cladiator.com\/#\/schema\/logo\/image\/"},"sameAs":["https:\/\/www.facebook.com\/people\/Cladiator\/100049662201765\/","https:\/\/www.linkedin.com\/company\/cladiator\/","https:\/\/www.youtube.com\/@cladiator2928\/featured"]}]}},"_links":{"self":[{"href":"https:\/\/staging.cladiator.com\/fr\/wp-json\/wp\/v2\/pages\/501297","targetHints":{"allow":["GET"]}}],"collection":[{"href":"https:\/\/staging.cladiator.com\/fr\/wp-json\/wp\/v2\/pages"}],"about":[{"href":"https:\/\/staging.cladiator.com\/fr\/wp-json\/wp\/v2\/types\/page"}],"author":[{"embeddable":true,"href":"https:\/\/staging.cladiator.com\/fr\/wp-json\/wp\/v2\/users\/2"}],"replies":[{"embeddable":true,"href":"https:\/\/staging.cladiator.com\/fr\/wp-json\/wp\/v2\/comments?post=501297"}],"version-history":[{"count":0,"href":"https:\/\/staging.cladiator.com\/fr\/wp-json\/wp\/v2\/pages\/501297\/revisions"}],"wp:attachment":[{"href":"https:\/\/staging.cladiator.com\/fr\/wp-json\/wp\/v2\/media?parent=501297"}],"curies":[{"name":"wp","href":"https:\/\/api.w.org\/{rel}","templated":true}]}}